{"id":1124,"date":"2022-07-05T03:14:11","date_gmt":"2022-07-05T03:14:11","guid":{"rendered":"https:\/\/cycad.org\/content\/?page_id=1124"},"modified":"2022-07-06T02:29:27","modified_gmt":"2022-07-06T02:29:27","slug":"cycad-links","status":"publish","type":"page","link":"https:\/\/cycad.org\/content\/cycad-links\/","title":{"rendered":"The Cycad Society, Inc. &#8211; Cycad Links"},"content":{"rendered":"\t\t<div data-elementor-type=\"wp-post\" data-elementor-id=\"1124\" class=\"elementor elementor-1124\" data-elementor-post-type=\"page\">\n\t\t\t\t\t\t<section class=\"elementor-section elementor-top-section elementor-element elementor-element-c875183 elementor-section-boxed elementor-section-height-default elementor-section-height-default\" data-id=\"c875183\" data-element_type=\"section\">\n\t\t\t\t\t\t<div class=\"elementor-container elementor-column-gap-default\">\n\t\t\t\t\t<div class=\"elementor-column elementor-col-100 elementor-top-column elementor-element elementor-element-b6a16d2\" data-id=\"b6a16d2\" data-element_type=\"column\">\n\t\t\t<div class=\"elementor-widget-wrap elementor-element-populated\">\n\t\t\t\t\t\t<div class=\"elementor-element elementor-element-4226827 elementor-widget elementor-widget-heading\" data-id=\"4226827\" data-element_type=\"widget\" data-widget_type=\"heading.default\">\n\t\t\t\t<div class=\"elementor-widget-container\">\n\t\t\t\t\t<h1 class=\"elementor-heading-title elementor-size-default\">Cycad Links<\/h1>\t\t\t\t<\/div>\n\t\t\t\t<\/div>\n\t\t\t\t\t<\/div>\n\t\t<\/div>\n\t\t\t\t\t<\/div>\n\t\t<\/section>\n\t\t\t\t<section class=\"elementor-section elementor-top-section elementor-element elementor-element-151f762 elementor-section-boxed elementor-section-height-default elementor-section-height-default\" data-id=\"151f762\" data-element_type=\"section\">\n\t\t\t\t\t\t<div class=\"elementor-container elementor-column-gap-default\">\n\t\t\t\t\t<div class=\"elementor-column elementor-col-100 elementor-top-column elementor-element elementor-element-5b3af7d\" data-id=\"5b3af7d\" data-element_type=\"column\">\n\t\t\t<div class=\"elementor-widget-wrap elementor-element-populated\">\n\t\t\t\t\t\t<div class=\"elementor-element elementor-element-7565ca7 elementor-widget elementor-widget-text-editor\" data-id=\"7565ca7\" data-element_type=\"widget\" data-widget_type=\"text-editor.default\">\n\t\t\t\t<div class=\"elementor-widget-container\">\n\t\t\t\t\t\t\t\t\t<p><span style=\"color: #000000; font-family: 'Times New Roman', Times, serif; font-size: medium; font-style: normal; font-weight: 400; background-color: #ffffff;\">Below are several websites providing additional cycad-related information. These links are being provided as a convenience for informational purposes only and they do not constitute an approval or endorsement by TCS.\u00a0\u00a0<\/span><\/p>\t\t\t\t\t\t\t\t<\/div>\n\t\t\t\t<\/div>\n\t\t\t\t\t<\/div>\n\t\t<\/div>\n\t\t\t\t\t<\/div>\n\t\t<\/section>\n\t\t\t\t<section class=\"elementor-section elementor-top-section elementor-element elementor-element-ce1306f elementor-section-boxed elementor-section-height-default elementor-section-height-default\" data-id=\"ce1306f\" data-element_type=\"section\">\n\t\t\t\t\t\t<div class=\"elementor-container elementor-column-gap-default\">\n\t\t\t\t\t<div class=\"elementor-column elementor-col-100 elementor-top-column elementor-element elementor-element-58107ca\" data-id=\"58107ca\" data-element_type=\"column\">\n\t\t\t<div class=\"elementor-widget-wrap elementor-element-populated\">\n\t\t\t\t\t\t<div class=\"elementor-element elementor-element-e23746e elementor-widget elementor-widget-heading\" data-id=\"e23746e\" data-element_type=\"widget\" data-widget_type=\"heading.default\">\n\t\t\t\t<div class=\"elementor-widget-container\">\n\t\t\t\t\t<h3 class=\"elementor-heading-title elementor-size-default\">General Cycad Information<\/h3>\t\t\t\t<\/div>\n\t\t\t\t<\/div>\n\t\t\t\t<section class=\"elementor-section elementor-inner-section elementor-element elementor-element-ef4bcf8 elementor-section-boxed elementor-section-height-default elementor-section-height-default\" data-id=\"ef4bcf8\" data-element_type=\"section\">\n\t\t\t\t\t\t<div class=\"elementor-container elementor-column-gap-default\">\n\t\t\t\t\t<div class=\"elementor-column elementor-col-50 elementor-inner-column elementor-element elementor-element-a8fe43d\" data-id=\"a8fe43d\" data-element_type=\"column\">\n\t\t\t<div class=\"elementor-widget-wrap elementor-element-populated\">\n\t\t\t\t\t\t<div class=\"elementor-element elementor-element-6149f07 elementor-widget elementor-widget-text-editor\" data-id=\"6149f07\" data-element_type=\"widget\" data-widget_type=\"text-editor.default\">\n\t\t\t\t<div class=\"elementor-widget-container\">\n\t\t\t\t\t\t\t\t\t<ul style=\"font-size: 15px; font-style: normal; font-weight: 400;\"><li style=\"font-size: 15px;\"><a style=\"font-size: 15px;\" href=\"http:\/\/www.cycadgroup.org\/\" target=\"_blank\" rel=\"noopener\">IUCN\/SSC Cycad Specialist Group (CSG)<\/a><\/li><li style=\"font-size: 15px;\"><a style=\"font-size: 15px;\" href=\"https:\/\/www.iucnredlist.org\/search?query=Cycads&amp;searchType=species\" target=\"_blank\" rel=\"noopener\">IUCN Red List of Threatened Species &#8211; Extinction Risk Assessments for Cycads<\/a>\u00a0<\/li><li style=\"font-size: 15px;\"><a style=\"font-size: 15px;\" href=\"https:\/\/www.cycadlist.org\/\" target=\"_blank\" rel=\"noopener\">The World List of Cycads, online edition &#8211; a comprehensive taxonomic reference for cycad taxonomy, nomenclature, biology, and literature<\/a><\/li><li style=\"font-size: 15px;\"><a style=\"font-size: 15px;\" href=\"https:\/\/www.globalconservationconsortia.org\/gcc\/cycads\/\" target=\"_blank\" rel=\"noopener\">Global Conservation Consortium for Cycads &#8211; an international effort to coordinate cycad conservation, with an emphasis on preventing extinction in the wild<\/a><\/li><li style=\"font-size: 15px;\"><a style=\"font-size: 15px;\" href=\"https:\/\/www.publicgardens.org\/programs\/plant-collections-network\/collections-showcase\/cycad-multisite\" target=\"_blank\" rel=\"noopener\">Cycad Multisite Collection of the Plant Collections Network &#8211; a network of U.S. based botanical gardens with\u00a0 nationally accredited cycad collections<\/a><\/li><\/ul>\t\t\t\t\t\t\t\t<\/div>\n\t\t\t\t<\/div>\n\t\t\t\t\t<\/div>\n\t\t<\/div>\n\t\t\t\t<div class=\"elementor-column elementor-col-50 elementor-inner-column elementor-element elementor-element-726a726\" data-id=\"726a726\" data-element_type=\"column\">\n\t\t\t<div class=\"elementor-widget-wrap elementor-element-populated\">\n\t\t\t\t\t\t<div class=\"elementor-element elementor-element-a3b05fb elementor-widget elementor-widget-image\" data-id=\"a3b05fb\" data-element_type=\"widget\" data-widget_type=\"image.default\">\n\t\t\t\t<div class=\"elementor-widget-container\">\n\t\t\t\t\t\t\t\t\t\t\t\t\t\t\t<img fetchpriority=\"high\" decoding=\"async\" width=\"745\" height=\"800\" src=\"https:\/\/cycad.org\/content\/wp-content\/uploads\/2022\/07\/horridus_lores_2.jpg\" class=\"attachment-large size-large wp-image-1208\" alt=\"\" srcset=\"https:\/\/cycad.org\/content\/wp-content\/uploads\/2022\/07\/horridus_lores_2.jpg 745w, https:\/\/cycad.org\/content\/wp-content\/uploads\/2022\/07\/horridus_lores_2-279x300.jpg 279w\" sizes=\"(max-width: 745px) 100vw, 745px\" \/>\t\t\t\t\t\t\t\t\t\t\t\t\t\t\t<\/div>\n\t\t\t\t<\/div>\n\t\t\t\t\t<\/div>\n\t\t<\/div>\n\t\t\t\t\t<\/div>\n\t\t<\/section>\n\t\t\t\t\t<\/div>\n\t\t<\/div>\n\t\t\t\t\t<\/div>\n\t\t<\/section>\n\t\t\t\t<section class=\"elementor-section elementor-top-section elementor-element elementor-element-40b398f elementor-section-boxed elementor-section-height-default elementor-section-height-default\" data-id=\"40b398f\" data-element_type=\"section\">\n\t\t\t\t\t\t<div class=\"elementor-container elementor-column-gap-default\">\n\t\t\t\t\t<div class=\"elementor-column elementor-col-100 elementor-top-column elementor-element elementor-element-fa29039\" data-id=\"fa29039\" data-element_type=\"column\">\n\t\t\t<div class=\"elementor-widget-wrap elementor-element-populated\">\n\t\t\t\t\t\t<div class=\"elementor-element elementor-element-f15cd59 elementor-widget elementor-widget-heading\" data-id=\"f15cd59\" data-element_type=\"widget\" data-widget_type=\"heading.default\">\n\t\t\t\t<div class=\"elementor-widget-container\">\n\t\t\t\t\t<h2 class=\"elementor-heading-title elementor-size-default\"><h3 data-elementor-setting-key=\"title\" data-pen-placeholder=\"Type Here...\" style=\"font-size: 1.66667rem;font-style: normal;font-weight: var( --e-global-typography-primary-font-weight );font-family: var( --e-global-typography-primary-font-family ), Sans-serif\">Botanical Gardens and Research Institutions<\/h3><\/h2>\t\t\t\t<\/div>\n\t\t\t\t<\/div>\n\t\t\t\t<section class=\"elementor-section elementor-inner-section elementor-element elementor-element-1284ad5 elementor-section-boxed elementor-section-height-default elementor-section-height-default\" data-id=\"1284ad5\" data-element_type=\"section\">\n\t\t\t\t\t\t<div class=\"elementor-container elementor-column-gap-default\">\n\t\t\t\t\t<div class=\"elementor-column elementor-col-50 elementor-inner-column elementor-element elementor-element-e48fb21\" data-id=\"e48fb21\" data-element_type=\"column\">\n\t\t\t<div class=\"elementor-widget-wrap elementor-element-populated\">\n\t\t\t\t\t\t<div class=\"elementor-element elementor-element-ef9b3f0 elementor-widget elementor-widget-text-editor\" data-id=\"ef9b3f0\" data-element_type=\"widget\" data-widget_type=\"text-editor.default\">\n\t\t\t\t<div class=\"elementor-widget-container\">\n\t\t\t\t\t\t\t\t\t<h5 style=\"font-style: normal;\"><span style=\"font-weight: bold;\">America<\/span><\/h5><ul style=\"font-size: 15px; font-style: normal; font-weight: 400;\"><li style=\"font-size: 15px;\"><p style=\"font-size: 15px; margin-right: 20px; margin-bottom: 0px; margin-left: 20px;\" align=\"left\"><a style=\"font-size: 15px;\" href=\"http:\/\/www.montgomerybotanical.org\/\" target=\"_blank\" rel=\"noopener\">Montgomery Botanical Center, Miami, Florida, USA<\/a><\/p><\/li><li style=\"font-size: 15px;\"><p style=\"font-size: 15px; margin-right: 20px; margin-bottom: 0px; margin-left: 20px;\" align=\"left\"><a style=\"font-size: 15px; background-color: rgba(255, 255, 255, 0); font-family: var( --e-global-typography-text-font-family ), Sans-serif;\" href=\"https:\/\/www.inecol.mx\/inecol\/index.php\/es\/ct-menu-item-1\/ct-menu-item-5\/jardin-botanico\" target=\"_blank\" rel=\"noopener\">Jard\u00edn Bot\u00e1nico Francisco Javier Clavijero, Instituto de Ecolog\u00eda, Xalapa, Veracruz, M\u00e9xico<\/a><\/p><\/li><li style=\"font-size: 15px;\"><p style=\"font-size: 15px; margin-right: 20px; margin-bottom: 0px; margin-left: 20px;\" align=\"left\"><a style=\"font-size: 15px; font-family: var( --e-global-typography-text-font-family ), Sans-serif; background-color: rgba(255, 255, 255, 0);\" href=\"https:\/\/botanicalgarden.berkeley.edu\/collections\/cycads-in-the-garden\" target=\"_blank\" rel=\"noopener\">Cycad collection at University of California Botanical Garden, Berkeley, California, USA<\/a><\/p><\/li><li style=\"font-size: 15px;\"><p style=\"font-size: 15px; margin-right: 20px; margin-bottom: 0px; margin-left: 20px;\" align=\"left\">C<a style=\"font-size: 15px; background-color: rgba(255, 255, 255, 0); font-family: var( --e-global-typography-text-font-family ), Sans-serif;\" href=\"https:\/\/www.huntington.org\/cycad-collection\" target=\"_blank\" rel=\"noopener\">ycad collection at The Huntington Botanical Gardens, San Marino, California, USA<\/a><\/p><\/li><li style=\"font-size: 15px;\"><p style=\"font-size: 15px; margin-right: 20px; margin-bottom: 0px; margin-left: 20px;\" align=\"left\"><a style=\"font-size: 15px; background-color: rgba(255, 255, 255, 0); font-family: var( --e-global-typography-text-font-family ), Sans-serif;\" href=\"https:\/\/www.lotusland.org\/gardens\/the-gardens\/cycad-garden\/\" target=\"_blank\" rel=\"noopener\">Cycad garden at Ganna Walska Lotusland, Santa Barbara, California, USA<\/a><\/p><\/li><li style=\"font-size: 15px;\"><p style=\"font-size: 15px; margin-right: 20px; margin-bottom: 0px; margin-left: 20px;\" align=\"left\"><a style=\"font-size: 15px; background-color: rgba(255, 255, 255, 0); font-family: var( --e-global-typography-text-font-family ), Sans-serif;\" href=\"http:\/\/www.fairchildgarden.org\/\" target=\"_blank\" rel=\"noopener\">Fairchild Tropical Botanic Garden, Coral Gables, Florida, USA<\/a><\/p><\/li><li style=\"font-size: 15px;\"><p style=\"font-size: 15px; margin-right: 20px; margin-bottom: 0px; margin-left: 20px;\" align=\"left\"><a style=\"font-size: 15px;\" href=\"https:\/\/www.sdbgarden.org\/\" target=\"_blank\" rel=\"noopener\">San Diego Botanic Garden, Encinitas, California, USA<\/a><\/p><\/li><\/ul><div style=\"font-size: 15px; font-style: normal; font-weight: 400;\"><h5 style=\"font-style: normal;\"><span style=\"font-size: 18px; font-weight: bold;\">Africa<\/span><\/h5><\/div><ul style=\"font-size: 15px; font-style: normal; font-weight: 400;\"><li style=\"font-size: 15px;\"><p style=\"font-size: 15px; margin-right: 20px; margin-bottom: 0px; margin-left: 20px;\" align=\"left\"><a style=\"font-size: 15px;\" href=\"https:\/\/www.sanbi.org\/gardens\/kirstenbosch\/\" target=\"_blank\" rel=\"noopener\">Kirstenbosch Botanical Garden, Capetown, South Africa<\/a><\/p><\/li><li style=\"font-size: 15px;\"><p style=\"font-size: 15px; margin-right: 20px; margin-bottom: 0px; margin-left: 20px;\" align=\"left\"><a style=\"font-size: 15px;\" href=\"https:\/\/www.sanbi.org\/gardens\/lowveld\/\" target=\"_blank\" rel=\"noopener\">Lowveld National Botanical Garden, Nelspruit, South Africa<\/a><\/p><\/li><li style=\"font-size: 15px;\"><p style=\"font-size: 15px; margin-right: 20px; margin-bottom: 0px; margin-left: 20px;\" align=\"left\"><a style=\"font-size: 15px; font-family: var( --e-global-typography-text-font-family ), Sans-serif; background-color: rgba(255, 255, 255, 0);\" href=\"https:\/\/durbanbotanicgardens.org.za\/\" target=\"_blank\" rel=\"noopener\">Durban Botanic Gardens, Durban, South Africa<\/a><\/p><\/li><li style=\"font-size: 15px;\"><p style=\"font-size: 15px; margin-right: 20px; margin-bottom: 0px; margin-left: 20px;\" align=\"left\"><a style=\"font-size: 15px; font-family: var( --e-global-typography-text-font-family ), Sans-serif; background-color: rgba(255, 255, 255, 0);\" href=\"http:\/\/www.sun.ac.za\/english\/entities\/botanical-garden\" target=\"_blank\" rel=\"noopener\">Stellenbosch University Botanical Garden, Stellenbosch, South Africa<\/a><\/p><\/li><\/ul><div style=\"font-size: 15px; font-style: normal; font-weight: 400;\"><div style=\"font-size: 15px; font-style: normal; font-weight: 400;\"><div style=\"font-size: 15px;\"><h5 style=\"font-style: normal;\"><span style=\"font-size: 18px; font-weight: bold;\">Asia<\/span><\/h5><\/div><\/div><ul style=\"font-size: 15px; font-style: normal; font-weight: 400;\"><li style=\"font-size: 15px;\"><p style=\"font-size: 15px; margin-right: 20px; margin-bottom: 0px; margin-left: 20px;\" align=\"left\"><a style=\"font-size: 15px;\" href=\"http:\/\/www.szbg.ac.cn\/enindex.html\" target=\"_blank\" rel=\"noopener\">Shenzhen Fairy Lake Botanical Garden, Shenzhen, China<\/a><\/p><\/li><li style=\"font-size: 15px;\"><p style=\"font-size: 15px; margin-right: 20px; margin-bottom: 0px; margin-left: 20px;\" align=\"left\"><a style=\"font-size: 15px;\" href=\"https:\/\/www.nongnoochtropicalgarden.com\/\" target=\"_blank\" rel=\"noopener\">Nong Nooch Tropical Garden &amp; Resort, Pattaya, Thailand<\/a><\/p><\/li><\/ul><div><span style=\"font-size: 18px; font-style: normal; font-weight: bold;\">Europe<\/span><\/div><ul><li style=\"font-size: 15px;\"><p style=\"font-size: 15px; margin-right: 20px; margin-bottom: 0px; margin-left: 20px;\" align=\"left\"><a href=\"https:\/\/www.kew.org\/kew-gardens\/plants\/cyads-collection\" target=\"_blank\" rel=\"noopener\">Cycad Collection at Royal Botanic Gardens, Kew, UK<\/a><\/p><\/li><\/ul><div style=\"font-size: 15px; font-style: normal; font-weight: 400;\"><span style=\"font-size: 1.2rem; font-weight: bold; font-family: var( --e-global-typography-text-font-family ), Sans-serif; background-color: rgba(255, 255, 255, 0);\">Australia<\/span><\/div><div style=\"font-size: 15px; font-style: normal; font-weight: 400;\"><ul style=\"font-size: 15px; font-style: normal; font-weight: 400;\"><li style=\"font-size: 15px;\"><p style=\"font-size: 15px; margin-right: 20px; margin-bottom: 0px; margin-left: 20px;\" align=\"left\"><a style=\"font-size: 15px;\" href=\"https:\/\/www.rbgsyd.nsw.gov.au\/\">Royal Botanic Gardens, Sydney, Australia<\/a><\/p><\/li><\/ul><\/div><\/div>\t\t\t\t\t\t\t\t<\/div>\n\t\t\t\t<\/div>\n\t\t\t\t\t<\/div>\n\t\t<\/div>\n\t\t\t\t<div class=\"elementor-column elementor-col-50 elementor-inner-column elementor-element elementor-element-94d08cc\" data-id=\"94d08cc\" data-element_type=\"column\">\n\t\t\t<div class=\"elementor-widget-wrap elementor-element-populated\">\n\t\t\t\t\t\t<div class=\"elementor-element elementor-element-5e2b017 elementor-widget elementor-widget-image\" data-id=\"5e2b017\" data-element_type=\"widget\" data-widget_type=\"image.default\">\n\t\t\t\t<div class=\"elementor-widget-container\">\n\t\t\t\t\t\t\t\t\t\t\t\t\t\t\t<img decoding=\"async\" width=\"512\" height=\"768\" src=\"https:\/\/cycad.org\/content\/wp-content\/uploads\/2022\/07\/Microcycas_calocoma_2001-Large.jpg\" class=\"attachment-1536x1536 size-1536x1536 wp-image-1182\" alt=\"Microcycas calocoma\" srcset=\"https:\/\/cycad.org\/content\/wp-content\/uploads\/2022\/07\/Microcycas_calocoma_2001-Large.jpg 512w, https:\/\/cycad.org\/content\/wp-content\/uploads\/2022\/07\/Microcycas_calocoma_2001-Large-200x300.jpg 200w\" sizes=\"(max-width: 512px) 100vw, 512px\" \/>\t\t\t\t\t\t\t\t\t\t\t\t\t\t\t<\/div>\n\t\t\t\t<\/div>\n\t\t\t\t\t<\/div>\n\t\t<\/div>\n\t\t\t\t\t<\/div>\n\t\t<\/section>\n\t\t\t\t\t<\/div>\n\t\t<\/div>\n\t\t\t\t\t<\/div>\n\t\t<\/section>\n\t\t\t\t<section class=\"elementor-section elementor-top-section elementor-element elementor-element-828a899 elementor-section-boxed elementor-section-height-default elementor-section-height-default\" data-id=\"828a899\" data-element_type=\"section\">\n\t\t\t\t\t\t<div class=\"elementor-container elementor-column-gap-default\">\n\t\t\t\t\t<div class=\"elementor-column elementor-col-100 elementor-top-column elementor-element elementor-element-ae279d9\" data-id=\"ae279d9\" data-element_type=\"column\">\n\t\t\t<div class=\"elementor-widget-wrap elementor-element-populated\">\n\t\t\t\t\t\t<div class=\"elementor-element elementor-element-7165a42 elementor-widget elementor-widget-heading\" data-id=\"7165a42\" data-element_type=\"widget\" data-widget_type=\"heading.default\">\n\t\t\t\t<div class=\"elementor-widget-container\">\n\t\t\t\t\t<h3 class=\"elementor-heading-title elementor-size-default\">Cycad Societies<\/h3>\t\t\t\t<\/div>\n\t\t\t\t<\/div>\n\t\t\t\t\t<\/div>\n\t\t<\/div>\n\t\t\t\t\t<\/div>\n\t\t<\/section>\n\t\t\t\t<section class=\"elementor-section elementor-top-section elementor-element elementor-element-4a52ccc elementor-section-boxed elementor-section-height-default elementor-section-height-default\" data-id=\"4a52ccc\" data-element_type=\"section\">\n\t\t\t\t\t\t<div class=\"elementor-container elementor-column-gap-default\">\n\t\t\t\t\t<div class=\"elementor-column elementor-col-100 elementor-top-column elementor-element elementor-element-e7643be\" data-id=\"e7643be\" data-element_type=\"column\">\n\t\t\t<div class=\"elementor-widget-wrap elementor-element-populated\">\n\t\t\t\t\t\t<section class=\"elementor-section elementor-inner-section elementor-element elementor-element-0c07189 elementor-section-boxed elementor-section-height-default elementor-section-height-default\" data-id=\"0c07189\" data-element_type=\"section\">\n\t\t\t\t\t\t<div class=\"elementor-container elementor-column-gap-default\">\n\t\t\t\t\t<div class=\"elementor-column elementor-col-50 elementor-inner-column elementor-element elementor-element-d40c154\" data-id=\"d40c154\" data-element_type=\"column\">\n\t\t\t<div class=\"elementor-widget-wrap elementor-element-populated\">\n\t\t\t\t\t\t<div class=\"elementor-element elementor-element-1c49ad5 elementor-widget elementor-widget-text-editor\" data-id=\"1c49ad5\" data-element_type=\"widget\" data-widget_type=\"text-editor.default\">\n\t\t\t\t<div class=\"elementor-widget-container\">\n\t\t\t\t\t\t\t\t\t<ul>\n \t<li><a href=\"http:\/\/www.cycadsociety.org\/\" target=\"_blank\" rel=\"noopener\">Cycad Society of South Africa<\/a><\/li>\n \t<li><a href=\"http:\/\/www.cycadascolombia.org\/\" target=\"_blank\" rel=\"noopener\">Colombian Cycad Society<\/a><\/li>\n \t<li><a href=\"http:\/\/cfpacs.com\/org\/\" target=\"_blank\" rel=\"noopener\">Central Florida Palm and Cycad Society<\/a><\/li>\n \t<li><a href=\"https:\/\/www.palmbeachpalmcycadsociety.com\/\" target=\"_blank\" rel=\"noopener\">Palm Beach Palm and Cycad Society<\/a><\/li>\n \t<li><a\nhref=\"http:\/\/www.pacsoa.org.au\/\" target=\"_blank\" rel=\"noopener\">Palm &amp; Cycad Societies of Australia<\/a><\/li>\n \t<li><a  href=\"https:\/\/www.pacsowa.com.au\/\" target=\"_blank\" rel=\"noopener\">Palm and Cycad Society of Western Australia<\/a><\/li>\n<\/ul>\t\t\t\t\t\t\t\t<\/div>\n\t\t\t\t<\/div>\n\t\t\t\t\t<\/div>\n\t\t<\/div>\n\t\t\t\t<div class=\"elementor-column elementor-col-50 elementor-inner-column elementor-element elementor-element-93c6089\" data-id=\"93c6089\" data-element_type=\"column\">\n\t\t\t<div class=\"elementor-widget-wrap elementor-element-populated\">\n\t\t\t\t\t\t<div class=\"elementor-element elementor-element-de7cd0f elementor-widget elementor-widget-image\" data-id=\"de7cd0f\" data-element_type=\"widget\" data-widget_type=\"image.default\">\n\t\t\t\t<div class=\"elementor-widget-container\">\n\t\t\t\t\t\t\t\t\t\t\t\t\t\t\t<img decoding=\"async\" width=\"300\" height=\"225\" src=\"https:\/\/cycad.org\/content\/wp-content\/uploads\/2022\/07\/P5101228_lores-300x225.jpg\" class=\"attachment-medium size-medium wp-image-1240\" alt=\"Dioon merolae\" srcset=\"https:\/\/cycad.org\/content\/wp-content\/uploads\/2022\/07\/P5101228_lores-300x225.jpg 300w, https:\/\/cycad.org\/content\/wp-content\/uploads\/2022\/07\/P5101228_lores-768x576.jpg 768w, https:\/\/cycad.org\/content\/wp-content\/uploads\/2022\/07\/P5101228_lores.jpg 948w\" sizes=\"(max-width: 300px) 100vw, 300px\" \/>\t\t\t\t\t\t\t\t\t\t\t\t\t\t\t<\/div>\n\t\t\t\t<\/div>\n\t\t\t\t\t<\/div>\n\t\t<\/div>\n\t\t\t\t\t<\/div>\n\t\t<\/section>\n\t\t\t\t\t<\/div>\n\t\t<\/div>\n\t\t\t\t\t<\/div>\n\t\t<\/section>\n\t\t\t\t<\/div>\n\t\t","protected":false},"excerpt":{"rendered":"<p>Cycad Links Below are several websites providing additional cycad-related information. These links are being provided as a convenience for informational purposes only and they do not constitute an approval or endorsement by TCS.\u00a0\u00a0 General Cycad Information IUCN\/SSC Cycad Specialist Group (CSG) IUCN Red List of Threatened Species &#8211; Extinction Risk Assessments for Cycads\u00a0 The World &hellip;<\/p>\n<p class=\"read-more\"> <a class=\"\" href=\"https:\/\/cycad.org\/content\/cycad-links\/\"> <span class=\"screen-reader-text\">The Cycad Society, Inc. &#8211; Cycad Links<\/span> Read More &raquo;<\/a><\/p>\n","protected":false},"author":1,"featured_media":0,"parent":0,"menu_order":0,"comment_status":"closed","ping_status":"closed","template":"","meta":{"site-sidebar-layout":"no-sidebar","site-content-layout":"page-builder","ast-global-header-display":"","ast-main-header-display":"","ast-hfb-above-header-display":"","ast-hfb-below-header-display":"","ast-hfb-mobile-header-display":"","site-post-title":"disabled","ast-breadcrumbs-content":"","ast-featured-img":"disabled","footer-sml-layout":"","theme-transparent-header-meta":"default","adv-header-id-meta":"","stick-header-meta":"","header-above-stick-meta":"","header-main-stick-meta":"","header-below-stick-meta":"","footnotes":""},"jetpack_sharing_enabled":true,"_links":{"self":[{"href":"https:\/\/cycad.org\/content\/wp-json\/wp\/v2\/pages\/1124"}],"collection":[{"href":"https:\/\/cycad.org\/content\/wp-json\/wp\/v2\/pages"}],"about":[{"href":"https:\/\/cycad.org\/content\/wp-json\/wp\/v2\/types\/page"}],"author":[{"embeddable":true,"href":"https:\/\/cycad.org\/content\/wp-json\/wp\/v2\/users\/1"}],"replies":[{"embeddable":true,"href":"https:\/\/cycad.org\/content\/wp-json\/wp\/v2\/comments?post=1124"}],"version-history":[{"count":137,"href":"https:\/\/cycad.org\/content\/wp-json\/wp\/v2\/pages\/1124\/revisions"}],"predecessor-version":[{"id":1283,"href":"https:\/\/cycad.org\/content\/wp-json\/wp\/v2\/pages\/1124\/revisions\/1283"}],"wp:attachment":[{"href":"https:\/\/cycad.org\/content\/wp-json\/wp\/v2\/media?parent=1124"}],"curies":[{"name":"wp","href":"https:\/\/api.w.org\/{rel}","templated":true}]}}